{"id":10866,"date":"2022-04-28T08:14:11","date_gmt":"2022-04-28T08:14:11","guid":{"rendered":"https:\/\/halova.ro\/beneficiile-halova\/xilitol\/"},"modified":"2023-05-31T07:57:18","modified_gmt":"2023-05-31T07:57:18","slug":"xilitol","status":"publish","type":"page","link":"https:\/\/halova.ro\/en\/halova-benefits\/xilitol\/","title":{"rendered":"Xilitol"},"content":{"rendered":"\t\t<div data-elementor-type=\"wp-page\" data-elementor-id=\"10866\" class=\"elementor elementor-10866\">\n\t\t\t\t\t\t<section class=\"elementor-section elementor-top-section elementor-element elementor-element-03827b9 elementor-section-full_width elementor-section-height-default elementor-section-height-default\" data-id=\"03827b9\" data-element_type=\"section\">\n\t\t\t\t\t\t<div class=\"elementor-container elementor-column-gap-default\">\n\t\t\t\t\t<div class=\"elementor-column elementor-col-100 elementor-top-column elementor-element elementor-element-21143bf\" data-id=\"21143bf\" data-element_type=\"column\">\n\t\t\t<div class=\"elementor-widget-wrap elementor-element-populated\">\n\t\t\t\t\t\t<section class=\"elementor-section elementor-inner-section elementor-element elementor-element-34a90dd9 elementor-section-full_width elementor-section-height-default elementor-section-height-default\" data-id=\"34a90dd9\" data-element_type=\"section\">\n\t\t\t\t\t\t<div class=\"elementor-container elementor-column-gap-default\">\n\t\t\t\t\t<div class=\"elementor-column elementor-col-50 elementor-inner-column elementor-element elementor-element-eca44ee\" data-id=\"eca44ee\" data-element_type=\"column\" data-settings=\"{&quot;background_background&quot;:&quot;classic&quot;}\">\n\t\t\t<div class=\"elementor-widget-wrap elementor-element-populated\">\n\t\t\t\t\t<div class=\"elementor-background-overlay\"><\/div>\n\t\t\t\t\t\t<div class=\"elementor-element elementor-element-c4af3af elementor-widget elementor-widget-image\" data-id=\"c4af3af\" data-element_type=\"widget\" data-widget_type=\"image.default\">\n\t\t\t\t<div class=\"elementor-widget-container\">\n\t\t\t\t\t\t\t\t\t\t\t\t\t<img fetchpriority=\"high\" decoding=\"async\" width=\"1914\" height=\"1806\" src=\"https:\/\/halova.ro\/wp-content\/uploads\/2022\/03\/Asset-5@3x.png\" class=\"attachment-full size-full wp-image-10133\" alt=\"\" srcset=\"https:\/\/halova.ro\/wp-content\/uploads\/2022\/03\/Asset-5@3x.png 1914w, https:\/\/halova.ro\/wp-content\/uploads\/2022\/03\/Asset-5@3x-300x283.png 300w, https:\/\/halova.ro\/wp-content\/uploads\/2022\/03\/Asset-5@3x-1024x966.png 1024w, https:\/\/halova.ro\/wp-content\/uploads\/2022\/03\/Asset-5@3x-768x725.png 768w, https:\/\/halova.ro\/wp-content\/uploads\/2022\/03\/Asset-5@3x-1536x1449.png 1536w\" sizes=\"(max-width: 1914px) 100vw, 1914px\" \/>\t\t\t\t\t\t\t\t\t\t\t\t\t<\/div>\n\t\t\t\t<\/div>\n\t\t\t\t\t<\/div>\n\t\t<\/div>\n\t\t\t\t<div class=\"elementor-column elementor-col-50 elementor-inner-column elementor-element elementor-element-3d6caf61\" data-id=\"3d6caf61\" data-element_type=\"column\">\n\t\t\t<div class=\"elementor-widget-wrap elementor-element-populated\">\n\t\t\t\t\t\t<div class=\"elementor-element elementor-element-5b5bd092 elementor-widget__width-initial elementor-widget elementor-widget-text-editor\" data-id=\"5b5bd092\" data-element_type=\"widget\" data-widget_type=\"text-editor.default\">\n\t\t\t\t<div class=\"elementor-widget-container\">\n\t\t\t\t\t\t\t<h1 style=\"font-size: 24px;\">Xylitol in Halova Ovules<\/h1><p><strong>Xylitol<\/strong> has the ability to selectively inhibit the development of pathogenic microorganisms without affecting the normal vaginal flora. Xylitol can reduce the growth of Streptococcus mutans, Streptococcus salivarius, Streptococcus sanguis, and some strains of Escherichia coli, Saccharomyces cerevisae, and Salmonella typh.<\/p>\t\t\t\t\t\t<\/div>\n\t\t\t\t<\/div>\n\t\t\t\t\t<\/div>\n\t\t<\/div>\n\t\t\t\t\t<\/div>\n\t\t<\/section>\n\t\t\t\t\t<\/div>\n\t\t<\/div>\n\t\t\t\t\t<\/div>\n\t\t<\/section>\n\t\t\t\t<section class=\"elementor-section elementor-top-section elementor-element elementor-element-55eb463 elementor-section-boxed elementor-section-height-default elementor-section-height-default\" data-id=\"55eb463\" data-element_type=\"section\">\n\t\t\t\t\t\t<div class=\"elementor-container elementor-column-gap-default\">\n\t\t\t\t\t<div class=\"elementor-column elementor-col-100 elementor-top-column elementor-element elementor-element-39056ea\" data-id=\"39056ea\" data-element_type=\"column\">\n\t\t\t<div class=\"elementor-widget-wrap elementor-element-populated\">\n\t\t\t\t\t\t<div class=\"elementor-element elementor-element-ba1d0c8 elementor-widget elementor-widget-html\" data-id=\"ba1d0c8\" data-element_type=\"widget\" data-widget_type=\"html.default\">\n\t\t\t\t<div class=\"elementor-widget-container\">\n\t\t\t<style>\n    h2 span{\n        color: #ec937b;\n    }\n<\/style>\t\t<\/div>\n\t\t\t\t<\/div>\n\t\t\t\t\t<\/div>\n\t\t<\/div>\n\t\t\t\t\t<\/div>\n\t\t<\/section>\n\t\t\t\t<section class=\"elementor-section elementor-top-section elementor-element elementor-element-cedcd81 elementor-section-full_width elementor-section-height-default elementor-section-height-default\" data-id=\"cedcd81\" data-element_type=\"section\">\n\t\t\t\t\t\t<div class=\"elementor-container elementor-column-gap-default\">\n\t\t\t\t\t<div class=\"elementor-column elementor-col-100 elementor-top-column elementor-element elementor-element-19eab213\" data-id=\"19eab213\" data-element_type=\"column\">\n\t\t\t<div class=\"elementor-widget-wrap\">\n\t\t\t\t\t\t\t<\/div>\n\t\t<\/div>\n\t\t\t\t\t<\/div>\n\t\t<\/section>\n\t\t\t\t<\/div>\n\t\t","protected":false},"excerpt":{"rendered":"<p>Xylitol in Halova Ovules Xylitol has the ability to selectively inhibit the development of pathogenic microorganisms without affecting the normal vaginal flora. Xylitol can reduce the growth of Streptococcus mutans, Streptococcus salivarius, Streptococcus sanguis, and some strains of Escherichia coli, Saccharomyces cerevisae, and Salmonella typh.<\/p>\n","protected":false},"author":1,"featured_media":0,"parent":10860,"menu_order":0,"comment_status":"closed","ping_status":"closed","template":"elementor_header_footer","meta":{"ngg_post_thumbnail":0,"footnotes":""},"class_list":["post-10866","page","type-page","status-publish","hentry"],"yoast_head":"<!-- This site is optimized with the Yoast SEO plugin v23.6 - https:\/\/yoast.com\/wordpress\/plugins\/seo\/ -->\n<title>Beneficiile Xilitolului \u00een compozi\u021bia Halova Ovule<\/title>\n<meta name=\"description\" content=\"Xilitolul este un ingredient inert \u00een compozi\u021bia Halova Ovule ce arecapacitatea de a inhiba selectiv dezvoltarea microorganismelor patogenef\u0103r\u0103 a afecta flora vaginal\u0103 normal\u0103.\" \/>\n<meta name=\"robots\" content=\"index, follow, max-snippet:-1, max-image-preview:large, max-video-preview:-1\" \/>\n<link rel=\"canonical\" href=\"https:\/\/halova.ro\/beneficiile-utilizarii-halova-ovule\/xilitol\/\" \/>\n<meta property=\"og:locale\" content=\"en_US\" \/>\n<meta property=\"og:type\" content=\"article\" \/>\n<meta property=\"og:title\" content=\"Beneficiile Xilitolului \u00een compozi\u021bia Halova Ovule\" \/>\n<meta property=\"og:description\" content=\"Xilitolul este un ingredient inert \u00een compozi\u021bia Halova Ovule ce arecapacitatea de a inhiba selectiv dezvoltarea microorganismelor patogenef\u0103r\u0103 a afecta flora vaginal\u0103 normal\u0103.\" \/>\n<meta property=\"og:url\" content=\"https:\/\/halova.ro\/beneficiile-utilizarii-halova-ovule\/xilitol\/\" \/>\n<meta property=\"og:site_name\" content=\"Halova Ovule\" \/>\n<meta property=\"article:modified_time\" content=\"2023-05-31T07:57:18+00:00\" \/>\n<meta property=\"og:image\" content=\"https:\/\/halova.ro\/wp-content\/uploads\/2022\/03\/Asset-5@3x.png\" \/>\n<meta name=\"twitter:card\" content=\"summary_large_image\" \/>\n<meta name=\"twitter:label1\" content=\"Est. reading time\" \/>\n\t<meta name=\"twitter:data1\" content=\"1 minute\" \/>\n<script type=\"application\/ld+json\" class=\"yoast-schema-graph\">{\"@context\":\"https:\/\/schema.org\",\"@graph\":[{\"@type\":\"WebPage\",\"@id\":\"https:\/\/halova.ro\/beneficiile-utilizarii-halova-ovule\/xilitol\/\",\"url\":\"https:\/\/halova.ro\/beneficiile-utilizarii-halova-ovule\/xilitol\/\",\"name\":\"Beneficiile Xilitolului \u00een compozi\u021bia Halova Ovule\",\"isPartOf\":{\"@id\":\"https:\/\/halova.ro\/#website\"},\"primaryImageOfPage\":{\"@id\":\"https:\/\/halova.ro\/beneficiile-utilizarii-halova-ovule\/xilitol\/#primaryimage\"},\"image\":{\"@id\":\"https:\/\/halova.ro\/beneficiile-utilizarii-halova-ovule\/xilitol\/#primaryimage\"},\"thumbnailUrl\":\"https:\/\/halova.ro\/wp-content\/uploads\/2022\/03\/Asset-5@3x.png\",\"datePublished\":\"2022-04-28T08:14:11+00:00\",\"dateModified\":\"2023-05-31T07:57:18+00:00\",\"description\":\"Xilitolul este un ingredient inert \u00een compozi\u021bia Halova Ovule ce arecapacitatea de a inhiba selectiv dezvoltarea microorganismelor patogenef\u0103r\u0103 a afecta flora vaginal\u0103 normal\u0103.\",\"breadcrumb\":{\"@id\":\"https:\/\/halova.ro\/beneficiile-utilizarii-halova-ovule\/xilitol\/#breadcrumb\"},\"inLanguage\":\"en-US\",\"potentialAction\":[{\"@type\":\"ReadAction\",\"target\":[\"https:\/\/halova.ro\/beneficiile-utilizarii-halova-ovule\/xilitol\/\"]}]},{\"@type\":\"ImageObject\",\"inLanguage\":\"en-US\",\"@id\":\"https:\/\/halova.ro\/beneficiile-utilizarii-halova-ovule\/xilitol\/#primaryimage\",\"url\":\"https:\/\/halova.ro\/wp-content\/uploads\/2022\/03\/Asset-5@3x.png\",\"contentUrl\":\"https:\/\/halova.ro\/wp-content\/uploads\/2022\/03\/Asset-5@3x.png\"},{\"@type\":\"BreadcrumbList\",\"@id\":\"https:\/\/halova.ro\/beneficiile-utilizarii-halova-ovule\/xilitol\/#breadcrumb\",\"itemListElement\":[{\"@type\":\"ListItem\",\"position\":1,\"name\":\"Prima pagin\u0103\",\"item\":\"https:\/\/halova.ro\/\"},{\"@type\":\"ListItem\",\"position\":2,\"name\":\"Halova benefits\",\"item\":\"https:\/\/halova.ro\/beneficiile-utilizarii-halova-ovule\/\"},{\"@type\":\"ListItem\",\"position\":3,\"name\":\"Xilitol\"}]},{\"@type\":\"WebSite\",\"@id\":\"https:\/\/halova.ro\/#website\",\"url\":\"https:\/\/halova.ro\/\",\"name\":\"Halova Ovule\",\"description\":\"\u00cempotriva Usc\u0103ciunii Vaginale\",\"publisher\":{\"@id\":\"https:\/\/halova.ro\/#organization\"},\"potentialAction\":[{\"@type\":\"SearchAction\",\"target\":{\"@type\":\"EntryPoint\",\"urlTemplate\":\"https:\/\/halova.ro\/?s={search_term_string}\"},\"query-input\":{\"@type\":\"PropertyValueSpecification\",\"valueRequired\":true,\"valueName\":\"search_term_string\"}}],\"inLanguage\":\"en-US\"},{\"@type\":\"Organization\",\"@id\":\"https:\/\/halova.ro\/#organization\",\"name\":\"Perfect Care Distribution\",\"url\":\"https:\/\/halova.ro\/\",\"logo\":{\"@type\":\"ImageObject\",\"inLanguage\":\"en-US\",\"@id\":\"https:\/\/halova.ro\/#\/schema\/logo\/image\/\",\"url\":\"https:\/\/halova.ro\/wp-content\/uploads\/2022\/03\/logo_galova@4x.png\",\"contentUrl\":\"https:\/\/halova.ro\/wp-content\/uploads\/2022\/03\/logo_galova@4x.png\",\"width\":1302,\"height\":139,\"caption\":\"Perfect Care Distribution\"},\"image\":{\"@id\":\"https:\/\/halova.ro\/#\/schema\/logo\/image\/\"}}]}<\/script>\n<!-- \/ Yoast SEO plugin. -->","yoast_head_json":{"title":"Beneficiile Xilitolului \u00een compozi\u021bia Halova Ovule","description":"Xilitolul este un ingredient inert \u00een compozi\u021bia Halova Ovule ce arecapacitatea de a inhiba selectiv dezvoltarea microorganismelor patogenef\u0103r\u0103 a afecta flora vaginal\u0103 normal\u0103.","robots":{"index":"index","follow":"follow","max-snippet":"max-snippet:-1","max-image-preview":"max-image-preview:large","max-video-preview":"max-video-preview:-1"},"canonical":"https:\/\/halova.ro\/beneficiile-utilizarii-halova-ovule\/xilitol\/","og_locale":"en_US","og_type":"article","og_title":"Beneficiile Xilitolului \u00een compozi\u021bia Halova Ovule","og_description":"Xilitolul este un ingredient inert \u00een compozi\u021bia Halova Ovule ce arecapacitatea de a inhiba selectiv dezvoltarea microorganismelor patogenef\u0103r\u0103 a afecta flora vaginal\u0103 normal\u0103.","og_url":"https:\/\/halova.ro\/beneficiile-utilizarii-halova-ovule\/xilitol\/","og_site_name":"Halova Ovule","article_modified_time":"2023-05-31T07:57:18+00:00","og_image":[{"url":"https:\/\/halova.ro\/wp-content\/uploads\/2022\/03\/Asset-5@3x.png"}],"twitter_card":"summary_large_image","twitter_misc":{"Est. reading time":"1 minute"},"schema":{"@context":"https:\/\/schema.org","@graph":[{"@type":"WebPage","@id":"https:\/\/halova.ro\/beneficiile-utilizarii-halova-ovule\/xilitol\/","url":"https:\/\/halova.ro\/beneficiile-utilizarii-halova-ovule\/xilitol\/","name":"Beneficiile Xilitolului \u00een compozi\u021bia Halova Ovule","isPartOf":{"@id":"https:\/\/halova.ro\/#website"},"primaryImageOfPage":{"@id":"https:\/\/halova.ro\/beneficiile-utilizarii-halova-ovule\/xilitol\/#primaryimage"},"image":{"@id":"https:\/\/halova.ro\/beneficiile-utilizarii-halova-ovule\/xilitol\/#primaryimage"},"thumbnailUrl":"https:\/\/halova.ro\/wp-content\/uploads\/2022\/03\/Asset-5@3x.png","datePublished":"2022-04-28T08:14:11+00:00","dateModified":"2023-05-31T07:57:18+00:00","description":"Xilitolul este un ingredient inert \u00een compozi\u021bia Halova Ovule ce arecapacitatea de a inhiba selectiv dezvoltarea microorganismelor patogenef\u0103r\u0103 a afecta flora vaginal\u0103 normal\u0103.","breadcrumb":{"@id":"https:\/\/halova.ro\/beneficiile-utilizarii-halova-ovule\/xilitol\/#breadcrumb"},"inLanguage":"en-US","potentialAction":[{"@type":"ReadAction","target":["https:\/\/halova.ro\/beneficiile-utilizarii-halova-ovule\/xilitol\/"]}]},{"@type":"ImageObject","inLanguage":"en-US","@id":"https:\/\/halova.ro\/beneficiile-utilizarii-halova-ovule\/xilitol\/#primaryimage","url":"https:\/\/halova.ro\/wp-content\/uploads\/2022\/03\/Asset-5@3x.png","contentUrl":"https:\/\/halova.ro\/wp-content\/uploads\/2022\/03\/Asset-5@3x.png"},{"@type":"BreadcrumbList","@id":"https:\/\/halova.ro\/beneficiile-utilizarii-halova-ovule\/xilitol\/#breadcrumb","itemListElement":[{"@type":"ListItem","position":1,"name":"Prima pagin\u0103","item":"https:\/\/halova.ro\/"},{"@type":"ListItem","position":2,"name":"Halova benefits","item":"https:\/\/halova.ro\/beneficiile-utilizarii-halova-ovule\/"},{"@type":"ListItem","position":3,"name":"Xilitol"}]},{"@type":"WebSite","@id":"https:\/\/halova.ro\/#website","url":"https:\/\/halova.ro\/","name":"Halova Ovule","description":"\u00cempotriva Usc\u0103ciunii Vaginale","publisher":{"@id":"https:\/\/halova.ro\/#organization"},"potentialAction":[{"@type":"SearchAction","target":{"@type":"EntryPoint","urlTemplate":"https:\/\/halova.ro\/?s={search_term_string}"},"query-input":{"@type":"PropertyValueSpecification","valueRequired":true,"valueName":"search_term_string"}}],"inLanguage":"en-US"},{"@type":"Organization","@id":"https:\/\/halova.ro\/#organization","name":"Perfect Care Distribution","url":"https:\/\/halova.ro\/","logo":{"@type":"ImageObject","inLanguage":"en-US","@id":"https:\/\/halova.ro\/#\/schema\/logo\/image\/","url":"https:\/\/halova.ro\/wp-content\/uploads\/2022\/03\/logo_galova@4x.png","contentUrl":"https:\/\/halova.ro\/wp-content\/uploads\/2022\/03\/logo_galova@4x.png","width":1302,"height":139,"caption":"Perfect Care Distribution"},"image":{"@id":"https:\/\/halova.ro\/#\/schema\/logo\/image\/"}}]}},"_links":{"self":[{"href":"https:\/\/halova.ro\/en\/wp-json\/wp\/v2\/pages\/10866"}],"collection":[{"href":"https:\/\/halova.ro\/en\/wp-json\/wp\/v2\/pages"}],"about":[{"href":"https:\/\/halova.ro\/en\/wp-json\/wp\/v2\/types\/page"}],"author":[{"embeddable":true,"href":"https:\/\/halova.ro\/en\/wp-json\/wp\/v2\/users\/1"}],"replies":[{"embeddable":true,"href":"https:\/\/halova.ro\/en\/wp-json\/wp\/v2\/comments?post=10866"}],"version-history":[{"count":19,"href":"https:\/\/halova.ro\/en\/wp-json\/wp\/v2\/pages\/10866\/revisions"}],"predecessor-version":[{"id":12006,"href":"https:\/\/halova.ro\/en\/wp-json\/wp\/v2\/pages\/10866\/revisions\/12006"}],"up":[{"embeddable":true,"href":"https:\/\/halova.ro\/en\/wp-json\/wp\/v2\/pages\/10860"}],"wp:attachment":[{"href":"https:\/\/halova.ro\/en\/wp-json\/wp\/v2\/media?parent=10866"}],"curies":[{"name":"wp","href":"https:\/\/api.w.org\/{rel}","templated":true}]}}